{"id":8537,"date":"2024-05-03T05:22:40","date_gmt":"2024-05-03T03:22:40","guid":{"rendered":"https:\/\/www.dupessey.com\/notre-groupe\/"},"modified":"2025-03-21T09:53:10","modified_gmt":"2025-03-21T08:53:10","slug":"il-nostro-gruppo","status":"publish","type":"page","link":"https:\/\/www.dupessey.com\/it\/il-nostro-gruppo\/","title":{"rendered":"Il Nostro Gruppo"},"content":{"rendered":"<p style=\"text-align: center;\">DUPESSEY&amp;CO est un groupe fran\u00e7ais ind\u00e9pendant, avec son si\u00e8ge bas\u00e9 \u00e0 Rumilly (74), en \u00a0Haute-Savoie. Fort de plus <strong>55 ans d\u2019exp\u00e9rience<\/strong>, nous sommes un Groupe compos\u00e9 de 550 <strong>Hommes et Femmes<\/strong> passionn\u00e9s qui \u0153uvrent au quotidien et pr\u00eat \u00e0 relever les d\u00e9fis de demain\u00a0!<\/p>\n","protected":false},"excerpt":{"rendered":"<p>DUPESSEY&amp;CO est un groupe fran\u00e7ais ind\u00e9pendant, avec son si\u00e8ge bas\u00e9 \u00e0 Rumilly (74), en \u00a0Haute-Savoie. Fort de plus 55 ans &hellip; <a href=\"https:\/\/www.dupessey.com\/it\/il-nostro-gruppo\/\">Continued<\/a><\/p>\n","protected":false},"author":2,"featured_media":8538,"parent":0,"menu_order":3,"comment_status":"closed","ping_status":"closed","template":"views\/page-blocks.blade.php","meta":{"_acf_changed":false,"inline_featured_image":false,"footnotes":""},"class_list":["post-8537","page","type-page","status-publish","has-post-thumbnail","hentry"],"acf":[],"_links":{"self":[{"href":"https:\/\/www.dupessey.com\/it\/wp-json\/wp\/v2\/pages\/8537","targetHints":{"allow":["GET"]}}],"collection":[{"href":"https:\/\/www.dupessey.com\/it\/wp-json\/wp\/v2\/pages"}],"about":[{"href":"https:\/\/www.dupessey.com\/it\/wp-json\/wp\/v2\/types\/page"}],"author":[{"embeddable":true,"href":"https:\/\/www.dupessey.com\/it\/wp-json\/wp\/v2\/users\/2"}],"replies":[{"embeddable":true,"href":"https:\/\/www.dupessey.com\/it\/wp-json\/wp\/v2\/comments?post=8537"}],"version-history":[{"count":3,"href":"https:\/\/www.dupessey.com\/it\/wp-json\/wp\/v2\/pages\/8537\/revisions"}],"predecessor-version":[{"id":9093,"href":"https:\/\/www.dupessey.com\/it\/wp-json\/wp\/v2\/pages\/8537\/revisions\/9093"}],"wp:featuredmedia":[{"embeddable":true,"href":"https:\/\/www.dupessey.com\/it\/wp-json\/wp\/v2\/media\/8538"}],"wp:attachment":[{"href":"https:\/\/www.dupessey.com\/it\/wp-json\/wp\/v2\/media?parent=8537"}],"curies":[{"name":"wp","href":"https:\/\/api.w.org\/{rel}","templated":true}]}}